{"id":2966,"date":"2021-06-10T09:31:32","date_gmt":"2021-06-10T09:31:32","guid":{"rendered":"https:\/\/winbetaffiliates.com\/?page_id=2966"},"modified":"2022-04-20T12:58:05","modified_gmt":"2022-04-20T12:58:05","slug":"chi-siamo","status":"publish","type":"page","link":"https:\/\/winbetaffiliates.com\/it\/chi-siamo\/","title":{"rendered":"Chi siamo"},"content":{"rendered":"<p><\/p>\r\n<h4 class=\"wp-block-heading\" style=\"text-align: center;\"><strong><em>Programma di affiliazione<\/em><\/strong><\/h4>\r\n<p><\/p>\r\n<p><\/p>\r\n<p>Siamo un operatore riconosciuto e rispettato con licenza di scommesse sportive, giochi casin\u00f2 ed altri con una lunga storia e un marchio, ben noto a milioni di utenti in Italia e in altri sei paesi in due continenti. Aderendo al programma di affiliazione di <a href=\"https:\/\/www.winbet.it\/\">WINBET.IT<\/a><\/p>\r\n<ul>\r\n<li>Diventi parte del nostro rinomato marchio. Come nostro partner avrai accesso a un database, testi e materiali pubblicitari che ti aiuteranno a generare una buona reputazione e ad attirare pi\u00f9 clienti.<\/li>\r\n<li>Potrai ricevere una commissione per ogni cliente segnalato attraverso il materiale pubblicitario da noi fornito<\/li>\r\n<li>I pagamenti possono essere trasferiti a te in un modo conveniente tramite bonifico bancario<\/li>\r\n<li>Hai accesso a un sistema statistico che tiene traccia dell&#8217;attivit\u00e0 dei clienti, che \u00e8 di fondamentale importanza per ciascun Partner. L&#8217;osservazione del comportamento individuale del cliente fornisce linee guida e idee su modi e mezzi per promuovere i nostri prodotti.<\/li>\r\n<\/ul>\r\n<p>Ti forniamo tutto questo, perch\u00e9 il tuo successo come nostro partner \u00e8 anche il nostro successo.<\/p>\r\n<h4 style=\"text-align: center;\"><em><strong>Maggiori informazioni su WINBET Online<\/strong><\/em><\/h4>\r\n<p>La piattaforma online winbet esiste dal 2015, mentre winbet.it dal 2020 e offre pi\u00f9 di 300 giochi da casin\u00f2, casin\u00f2 LIVE e scommesse su eventi e mercati in oltre 30 sport (tra virtuali ed e-sport), oltre a offerte per eventi speciali del mondo dello spettacolo affari e politica.\u00a0<\/p>\r\n<p>Il sito dispone anche di una versione mobile in continua l\u2019evoluzione, comoda per tutti i dispositivi mobili e che rende la piattaforma disponibile sempre e ovunque.<\/p>\r\n<p>L&#8217;ampia gamma di opzioni per depositare fondi per giocare e prelevare vincite \u00e8 molto apprezzata dagli utenti.<\/p>\r\n<p>Il successo di winbet.it \u00e8 dovuto ai bonus di partenza estremamente interessanti per i nuovi utenti, alle promozioni giornaliere che offrono l&#8217;opportunit\u00e0 di vincite aggiuntive, giri gratis sulle slot e free bet per eventi sportivi, nonch\u00e9 ai vari tornei che offrono ai giocatori con un forte spirito competitivo oltre a solidi premi in denaro, premi e bonus anche un diverso feeling dettato dalla competizione.<\/p>\r\n<p><strong style=\"color: var( --e-global-color-text ); font-size: 0.9375rem;\">Scommesse sportive<\/strong><\/p>\r\n<p>Gli appassionati di scommesse sportive hanno la possibilit\u00e0 di scommettere su eventi e mercati in oltre 30 sport, gli sport virtuali sempre pi\u00f9 popolari, nonch\u00e9 le competizioni in vari tipi di sport elettronici. Non esiste evento significativo nel mondo dello sport che non sia presente nelle scommesse sportive di WINBET. Inoltre, gli utenti possono contare su promozioni speciali per le partite chiave di vari campionati. I giocatori hanno anche molte opzioni per le scommesse live, nonch\u00e9 un&#8217;opzione di prelievo per il regolamento anticipato delle scommesse.<\/p>\r\n<p><strong style=\"color: var( --e-global-color-text ); font-size: 0.9375rem;\">Casin\u00f2 online<\/strong><\/p>\r\n<p>Il casin\u00f2 online di WINBET offre una selezione esclusiva di oltre 300 slot e giochi di carte di produttori leader come Pragmatic Play, Netent, Habanero ed altri. I jackpot progressivi con tre o quattro livelli, i cui importi sono in costante aumento, offrono ulteriori incentivi per giocare e opportunit\u00e0 di vincite impressionanti!<\/p>\r\n<p>Nella sezione Casin\u00f2 LIVE, i clienti possono trovare un&#8217;ampia variet\u00e0 di tavoli per roulette, blackjack, baccarat e poker, sia nella loro versione classica che in nuove varianti. Qui, gli appassionati del gioco dal vivo possono vivere l&#8217;emozione di un&#8217;autentica esperienza di casin\u00f2 in compagnia di un vero croupier, e le loro scommesse vengono saldate in tempo reale tramite collegamento video.<\/p>\r\n<h4 style=\"text-align: center;\"><em><strong>Sponsorizzazioni e partnership<\/strong><\/em><\/h4>\r\n<p>Il supporto per gli sport \u00e8 al centro della filosofia alla base del marchio WINBET. Ecco perch\u00e9 l&#8217;azienda \u00e8 partner delle squadre di calcio di CSKA Sofia, Lokomotiv (Plovdiv), Etar (Veliko Tarnovo), Botev (Vratsa), Tsarsko Selo, Botev (Plovdiv), le squadre di pallavolo di Levski, CSKA e Neftohimik ( Burgas), i club di basket Levski e CSKA, cos\u00ec come altre squadre e federazioni in diversi sport. WINBET \u00e8 partner di alcuni dei principali atleti bulgari come i fratelli Kubrat e Tervel Pulevi. L&#8217;azienda supporta anche l&#8217;organizzazione di importanti eventi sportivi in Bulgaria come il torneo di tennis dell&#8217;ATP Garanti Koza Sofia Open 2017 ed eventi come la cerimonia di premiazione del &#8220;Calciatore dell&#8217;anno&#8221;.<\/p>\r\n<p><\/p>","protected":false},"excerpt":{"rendered":"<p>Programma di affiliazione Siamo un operatore riconosciuto e rispettato con licenza di scommesse sportive, giochi casin\u00f2 ed altri con una lunga storia e un marchio, ben noto a milioni di utenti in Italia e in altri sei paesi in due continenti. Aderendo al programma di affiliazione di WINBET.IT Diventi parte&hellip;<\/p>\n","protected":false},"author":4,"featured_media":0,"parent":0,"menu_order":0,"comment_status":"closed","ping_status":"closed","template":"elementor_theme","meta":{"footnotes":""},"class_list":["post-2966","page","type-page","status-publish","hentry"],"yoast_head":"<!-- This site is optimized with the Yoast SEO plugin v25.7 - https:\/\/yoast.com\/wordpress\/plugins\/seo\/ -->\n<title>Chi siamo \u2013 Programma di affiliazione WINBET<\/title>\n<meta name=\"description\" content=\"Il programma di affiliazione di Winbet.it. Guadagna fino al 35% sulle perdite nette.\" \/>\n<meta name=\"robots\" content=\"index, follow, max-snippet:-1, max-image-preview:large, max-video-preview:-1\" \/>\n<link rel=\"canonical\" href=\"https:\/\/winbetaffiliates.com\/it\/chi-siamo\/\" \/>\n<meta property=\"og:locale\" content=\"it_IT\" \/>\n<meta property=\"og:type\" content=\"article\" \/>\n<meta property=\"og:title\" content=\"Chi siamo \u2013 Programma di affiliazione WINBET\" \/>\n<meta property=\"og:description\" content=\"Il programma di affiliazione di Winbet.it. Guadagna fino al 35% sulle perdite nette.\" \/>\n<meta property=\"og:url\" content=\"https:\/\/winbetaffiliates.com\/it\/chi-siamo\/\" \/>\n<meta property=\"og:site_name\" content=\"Winbet Affiliates\" \/>\n<meta property=\"article:modified_time\" content=\"2022-04-20T12:58:05+00:00\" \/>\n<meta name=\"twitter:card\" content=\"summary_large_image\" \/>\n<meta name=\"twitter:label1\" content=\"Tempo di lettura stimato\" \/>\n\t<meta name=\"twitter:data1\" content=\"4 minuti\" \/>\n<script type=\"application\/ld+json\" class=\"yoast-schema-graph\">{\"@context\":\"https:\/\/schema.org\",\"@graph\":[{\"@type\":\"WebPage\",\"@id\":\"https:\/\/winbetaffiliates.com\/it\/chi-siamo\/\",\"url\":\"https:\/\/winbetaffiliates.com\/it\/chi-siamo\/\",\"name\":\"Chi siamo \u2013 Programma di affiliazione WINBET\",\"isPartOf\":{\"@id\":\"https:\/\/winbetaffiliates.com\/#website\"},\"datePublished\":\"2021-06-10T09:31:32+00:00\",\"dateModified\":\"2022-04-20T12:58:05+00:00\",\"description\":\"Il programma di affiliazione di Winbet.it. Guadagna fino al 35% sulle perdite nette.\",\"breadcrumb\":{\"@id\":\"https:\/\/winbetaffiliates.com\/it\/chi-siamo\/#breadcrumb\"},\"inLanguage\":\"it-IT\",\"potentialAction\":[{\"@type\":\"ReadAction\",\"target\":[\"https:\/\/winbetaffiliates.com\/it\/chi-siamo\/\"]}]},{\"@type\":\"BreadcrumbList\",\"@id\":\"https:\/\/winbetaffiliates.com\/it\/chi-siamo\/#breadcrumb\",\"itemListElement\":[{\"@type\":\"ListItem\",\"position\":1,\"name\":\"\u041d\u0430\u0447\u0430\u043b\u043e\",\"item\":\"https:\/\/winbetaffiliates.com\/\"},{\"@type\":\"ListItem\",\"position\":2,\"name\":\"Chi siamo\"}]},{\"@type\":\"WebSite\",\"@id\":\"https:\/\/winbetaffiliates.com\/#website\",\"url\":\"https:\/\/winbetaffiliates.com\/\",\"name\":\"Winbet Affiliates\",\"description\":\"Winbet Affiliates Program\",\"publisher\":{\"@id\":\"https:\/\/winbetaffiliates.com\/#organization\"},\"potentialAction\":[{\"@type\":\"SearchAction\",\"target\":{\"@type\":\"EntryPoint\",\"urlTemplate\":\"https:\/\/winbetaffiliates.com\/?s={search_term_string}\"},\"query-input\":{\"@type\":\"PropertyValueSpecification\",\"valueRequired\":true,\"valueName\":\"search_term_string\"}}],\"inLanguage\":\"it-IT\"},{\"@type\":\"Organization\",\"@id\":\"https:\/\/winbetaffiliates.com\/#organization\",\"name\":\"Winbet Affiliates\",\"url\":\"https:\/\/winbetaffiliates.com\/\",\"logo\":{\"@type\":\"ImageObject\",\"inLanguage\":\"it-IT\",\"@id\":\"https:\/\/winbetaffiliates.com\/#\/schema\/logo\/image\/\",\"url\":\"https:\/\/winbetaffiliates.com\/wp-content\/uploads\/2021\/02\/winbet_affiliate.png\",\"contentUrl\":\"https:\/\/winbetaffiliates.com\/wp-content\/uploads\/2021\/02\/winbet_affiliate.png\",\"width\":473,\"height\":150,\"caption\":\"Winbet Affiliates\"},\"image\":{\"@id\":\"https:\/\/winbetaffiliates.com\/#\/schema\/logo\/image\/\"}}]}<\/script>\n<!-- \/ Yoast SEO plugin. -->","yoast_head_json":{"title":"Chi siamo \u2013 Programma di affiliazione WINBET","description":"Il programma di affiliazione di Winbet.it. Guadagna fino al 35% sulle perdite nette.","robots":{"index":"index","follow":"follow","max-snippet":"max-snippet:-1","max-image-preview":"max-image-preview:large","max-video-preview":"max-video-preview:-1"},"canonical":"https:\/\/winbetaffiliates.com\/it\/chi-siamo\/","og_locale":"it_IT","og_type":"article","og_title":"Chi siamo \u2013 Programma di affiliazione WINBET","og_description":"Il programma di affiliazione di Winbet.it. Guadagna fino al 35% sulle perdite nette.","og_url":"https:\/\/winbetaffiliates.com\/it\/chi-siamo\/","og_site_name":"Winbet Affiliates","article_modified_time":"2022-04-20T12:58:05+00:00","twitter_card":"summary_large_image","twitter_misc":{"Tempo di lettura stimato":"4 minuti"},"schema":{"@context":"https:\/\/schema.org","@graph":[{"@type":"WebPage","@id":"https:\/\/winbetaffiliates.com\/it\/chi-siamo\/","url":"https:\/\/winbetaffiliates.com\/it\/chi-siamo\/","name":"Chi siamo \u2013 Programma di affiliazione WINBET","isPartOf":{"@id":"https:\/\/winbetaffiliates.com\/#website"},"datePublished":"2021-06-10T09:31:32+00:00","dateModified":"2022-04-20T12:58:05+00:00","description":"Il programma di affiliazione di Winbet.it. Guadagna fino al 35% sulle perdite nette.","breadcrumb":{"@id":"https:\/\/winbetaffiliates.com\/it\/chi-siamo\/#breadcrumb"},"inLanguage":"it-IT","potentialAction":[{"@type":"ReadAction","target":["https:\/\/winbetaffiliates.com\/it\/chi-siamo\/"]}]},{"@type":"BreadcrumbList","@id":"https:\/\/winbetaffiliates.com\/it\/chi-siamo\/#breadcrumb","itemListElement":[{"@type":"ListItem","position":1,"name":"\u041d\u0430\u0447\u0430\u043b\u043e","item":"https:\/\/winbetaffiliates.com\/"},{"@type":"ListItem","position":2,"name":"Chi siamo"}]},{"@type":"WebSite","@id":"https:\/\/winbetaffiliates.com\/#website","url":"https:\/\/winbetaffiliates.com\/","name":"Winbet Affiliates","description":"Winbet Affiliates Program","publisher":{"@id":"https:\/\/winbetaffiliates.com\/#organization"},"potentialAction":[{"@type":"SearchAction","target":{"@type":"EntryPoint","urlTemplate":"https:\/\/winbetaffiliates.com\/?s={search_term_string}"},"query-input":{"@type":"PropertyValueSpecification","valueRequired":true,"valueName":"search_term_string"}}],"inLanguage":"it-IT"},{"@type":"Organization","@id":"https:\/\/winbetaffiliates.com\/#organization","name":"Winbet Affiliates","url":"https:\/\/winbetaffiliates.com\/","logo":{"@type":"ImageObject","inLanguage":"it-IT","@id":"https:\/\/winbetaffiliates.com\/#\/schema\/logo\/image\/","url":"https:\/\/winbetaffiliates.com\/wp-content\/uploads\/2021\/02\/winbet_affiliate.png","contentUrl":"https:\/\/winbetaffiliates.com\/wp-content\/uploads\/2021\/02\/winbet_affiliate.png","width":473,"height":150,"caption":"Winbet Affiliates"},"image":{"@id":"https:\/\/winbetaffiliates.com\/#\/schema\/logo\/image\/"}}]}},"_links":{"self":[{"href":"https:\/\/winbetaffiliates.com\/it\/wp-json\/wp\/v2\/pages\/2966","targetHints":{"allow":["GET"]}}],"collection":[{"href":"https:\/\/winbetaffiliates.com\/it\/wp-json\/wp\/v2\/pages"}],"about":[{"href":"https:\/\/winbetaffiliates.com\/it\/wp-json\/wp\/v2\/types\/page"}],"author":[{"embeddable":true,"href":"https:\/\/winbetaffiliates.com\/it\/wp-json\/wp\/v2\/users\/4"}],"replies":[{"embeddable":true,"href":"https:\/\/winbetaffiliates.com\/it\/wp-json\/wp\/v2\/comments?post=2966"}],"version-history":[{"count":7,"href":"https:\/\/winbetaffiliates.com\/it\/wp-json\/wp\/v2\/pages\/2966\/revisions"}],"predecessor-version":[{"id":5459,"href":"https:\/\/winbetaffiliates.com\/it\/wp-json\/wp\/v2\/pages\/2966\/revisions\/5459"}],"wp:attachment":[{"href":"https:\/\/winbetaffiliates.com\/it\/wp-json\/wp\/v2\/media?parent=2966"}],"curies":[{"name":"wp","href":"https:\/\/api.w.org\/{rel}","templated":true}]}}